{"id":32450,"date":"2020-10-23T15:09:10","date_gmt":"2020-10-23T13:09:10","guid":{"rendered":"https:\/\/nowy.pcc-prodex.pl\/?page_id=32450"},"modified":"2023-08-04T09:57:27","modified_gmt":"2023-08-04T07:57:27","slug":"spruehsysteme","status":"publish","type":"page","link":"https:\/\/www.pcc-prodex.eu\/de\/spruehsysteme\/","title":{"rendered":"Spr\u00fchsysteme"},"content":{"rendered":"\t\t<div data-elementor-type=\"wp-post\" data-elementor-id=\"32450\" class=\"elementor elementor-32450 elementor-25495\" data-elementor-post-type=\"page\">\n\t\t\t\t\t\t<section class=\"elementor-section elementor-top-section elementor-element elementor-element-s5cnk9s elementor-section-stretched elementor-section-content-middle elementor-section-boxed elementor-section-height-default elementor-section-height-default\" data-id=\"s5cnk9s\" data-element_type=\"section\" data-e-type=\"section\" data-settings=\"{&quot;stretch_section&quot;:&quot;section-stretched&quot;,&quot;background_background&quot;:&quot;classic&quot;,&quot;animation&quot;:&quot;none&quot;}\">\n\t\t\t\t\t\t\t<div class=\"elementor-background-overlay\"><\/div>\n\t\t\t\t\t\t\t<div class=\"elementor-container elementor-column-gap-default\">\n\t\t\t\t\t<div class=\"elementor-column elementor-col-100 elementor-top-column elementor-element elementor-element-q6uf6o5\" data-id=\"q6uf6o5\" data-element_type=\"column\" data-e-type=\"column\">\n\t\t\t<div class=\"elementor-widget-wrap elementor-element-populated\">\n\t\t\t\t\t\t<div class=\"elementor-element elementor-element-b09b333 breads elementor-widget elementor-widget-shortcode\" data-id=\"b09b333\" data-element_type=\"widget\" data-e-type=\"widget\" data-widget_type=\"shortcode.default\">\n\t\t\t\t<div class=\"elementor-widget-container\">\n\t\t\t\t\t\t\t<div class=\"elementor-shortcode\"><span><span><a href=\"https:\/\/www.pcc-prodex.eu\/de\/\">PCC<\/a><\/span><\/span><\/div>\n\t\t\t\t\t\t<\/div>\n\t\t\t\t<\/div>\n\t\t\t\t<div class=\"elementor-element elementor-element-8694de5 elementor-widget elementor-widget-heading\" data-id=\"8694de5\" data-element_type=\"widget\" data-e-type=\"widget\" data-widget_type=\"heading.default\">\n\t\t\t\t<div class=\"elementor-widget-container\">\n\t\t\t\t\t<h1 class=\"elementor-heading-title elementor-size-default\">Spr\u00fchsysteme<\/h1>\t\t\t\t<\/div>\n\t\t\t\t<\/div>\n\t\t\t\t<div class=\"elementor-element elementor-element-242f5ac elementor-widget elementor-widget-text-editor\" data-id=\"242f5ac\" data-element_type=\"widget\" data-e-type=\"widget\" data-widget_type=\"text-editor.default\">\n\t\t\t\t<div class=\"elementor-widget-container\">\n\t\t\t\t\t\t\t\t\t<p>Es gibt zwei Arten von Spr\u00fchschaum: offenzelligen und geschlossenzelligen, die sich in ihrer Anwendung und ihren Eigenschaften unterscheiden. Durch die Wahl des richtigen Produkts kann die Spr\u00fchd\u00e4mmung in allen Geb\u00e4udeh\u00fcllen eingesetzt werden, um eine wirksame und wirtschaftliche D\u00e4mmung zu erreichen, die thermischen und akustischen Komfort bietet.<\/p>\n\t\t\t\t\t\t\t\t<\/div>\n\t\t\t\t<\/div>\n\t\t\t\t\t<\/div>\n\t\t<\/div>\n\t\t\t\t\t<\/div>\n\t\t<\/section>\n\t\t\t\t<section class=\"elementor-section elementor-top-section elementor-element elementor-element-c6866d6 elementor-section-boxed elementor-section-height-default elementor-section-height-default\" data-id=\"c6866d6\" data-element_type=\"section\" data-e-type=\"section\">\n\t\t\t\t\t\t<div class=\"elementor-container elementor-column-gap-default\">\n\t\t\t\t\t<div class=\"elementor-column elementor-col-100 elementor-top-column elementor-element elementor-element-1a4a98d\" data-id=\"1a4a98d\" data-element_type=\"column\" data-e-type=\"column\">\n\t\t\t<div class=\"elementor-widget-wrap elementor-element-populated\">\n\t\t\t\t\t\t<div class=\"elementor-element elementor-element-d436014 elementor-widget-divider--view-line elementor-widget elementor-widget-divider\" data-id=\"d436014\" data-element_type=\"widget\" data-e-type=\"widget\" data-widget_type=\"divider.default\">\n\t\t\t\t<div class=\"elementor-widget-container\">\n\t\t\t\t\t\t\t<div class=\"elementor-divider\">\n\t\t\t<span class=\"elementor-divider-separator\">\n\t\t\t\t\t\t<\/span>\n\t\t<\/div>\n\t\t\t\t\t\t<\/div>\n\t\t\t\t<\/div>\n\t\t\t\t\t<\/div>\n\t\t<\/div>\n\t\t\t\t\t<\/div>\n\t\t<\/section>\n\t\t\t\t<section class=\"elementor-section elementor-top-section elementor-element elementor-element-e6d6df8 elementor-section-stretched elementor-section-content-bottom elementor-section-boxed elementor-section-height-default elementor-section-height-default\" data-id=\"e6d6df8\" data-element_type=\"section\" data-e-type=\"section\" data-settings=\"{&quot;stretch_section&quot;:&quot;section-stretched&quot;,&quot;background_background&quot;:&quot;classic&quot;}\">\n\t\t\t\t\t\t\t<div class=\"elementor-background-overlay\"><\/div>\n\t\t\t\t\t\t\t<div class=\"elementor-container elementor-column-gap-default\">\n\t\t\t\t\t<div class=\"elementor-column elementor-col-50 elementor-top-column elementor-element elementor-element-22e3189\" data-id=\"22e3189\" data-element_type=\"column\" data-e-type=\"column\">\n\t\t\t<div class=\"elementor-widget-wrap elementor-element-populated\">\n\t\t\t\t\t\t<div class=\"elementor-element elementor-element-64d10c8 elementor-widget elementor-widget-heading\" data-id=\"64d10c8\" data-element_type=\"widget\" data-e-type=\"widget\" data-widget_type=\"heading.default\">\n\t\t\t\t<div class=\"elementor-widget-container\">\n\t\t\t\t\t<h2 class=\"elementor-heading-title elementor-size-default\">Offenzellige Systeme<\/h2>\t\t\t\t<\/div>\n\t\t\t\t<\/div>\n\t\t\t\t<div class=\"elementor-element elementor-element-d7dc469 elementor-widget elementor-widget-text-editor\" data-id=\"d7dc469\" data-element_type=\"widget\" data-e-type=\"widget\" data-widget_type=\"text-editor.default\">\n\t\t\t\t<div class=\"elementor-widget-container\">\n\t\t\t\t\t\t\t\t\t<p>Die Schaumstoffe EKOPRODUR S0310 und S0310\/E werden f\u00fcr die innere W\u00e4rme- und Schalld\u00e4mmung von Geb\u00e4uden verwendet. Dank seiner Spr\u00fchtechnik ist der Schaumstoff ideal f\u00fcr die Isolierung von Bauteilen mit ungew\u00f6hnlichen Geometrien, da er die Form des Untergrunds annimmt, auf dem er haftet.<\/p>\n\t\t\t\t\t\t\t\t<\/div>\n\t\t\t\t<\/div>\n\t\t\t\t\t<\/div>\n\t\t<\/div>\n\t\t\t\t<div class=\"elementor-column elementor-col-50 elementor-top-column elementor-element elementor-element-1628317\" data-id=\"1628317\" data-element_type=\"column\" data-e-type=\"column\">\n\t\t\t<div class=\"elementor-widget-wrap elementor-element-populated\">\n\t\t\t\t\t\t<div class=\"elementor-element elementor-element-82abaa6 elementor-widget elementor-widget-image\" data-id=\"82abaa6\" data-element_type=\"widget\" data-e-type=\"widget\" data-widget_type=\"image.default\">\n\t\t\t\t<div class=\"elementor-widget-container\">\n\t\t\t\t\t\t\t\t\t\t\t\t\t\t\t<img fetchpriority=\"high\" decoding=\"async\" width=\"566\" height=\"362\" src=\"https:\/\/www.pcc-prodex.eu\/wp-content\/uploads\/2020\/10\/Intersection-1.png\" class=\"attachment-large size-large wp-image-28474\" alt=\"\" srcset=\"https:\/\/www.pcc-prodex.eu\/wp-content\/uploads\/2020\/10\/Intersection-1.png 566w, https:\/\/www.pcc-prodex.eu\/wp-content\/uploads\/2020\/10\/Intersection-1-300x192.png 300w\" sizes=\"(max-width: 566px) 100vw, 566px\" \/>\t\t\t\t\t\t\t\t\t\t\t\t\t\t\t<\/div>\n\t\t\t\t<\/div>\n\t\t\t\t\t<\/div>\n\t\t<\/div>\n\t\t\t\t\t<\/div>\n\t\t<\/section>\n\t\t\t\t<section class=\"elementor-section elementor-top-section elementor-element elementor-element-fd4ed8c elementor-section-boxed elementor-section-height-default elementor-section-height-default\" data-id=\"fd4ed8c\" data-element_type=\"section\" data-e-type=\"section\">\n\t\t\t\t\t\t<div class=\"elementor-container elementor-column-gap-default\">\n\t\t\t\t\t<div class=\"elementor-column elementor-col-100 elementor-top-column elementor-element elementor-element-d3b4901\" data-id=\"d3b4901\" data-element_type=\"column\" data-e-type=\"column\">\n\t\t\t<div class=\"elementor-widget-wrap elementor-element-populated\">\n\t\t\t\t\t\t\t<\/div>\n\t\t<\/div>\n\t\t\t\t\t<\/div>\n\t\t<\/section>\n\t\t\t\t<section class=\"elementor-section elementor-top-section elementor-element elementor-element-f85a804 elementor-section-boxed elementor-section-height-default elementor-section-height-default\" data-id=\"f85a804\" data-element_type=\"section\" data-e-type=\"section\">\n\t\t\t\t\t\t<div class=\"elementor-container elementor-column-gap-default\">\n\t\t\t\t\t<div class=\"elementor-column elementor-col-100 elementor-top-column elementor-element elementor-element-500aaea\" data-id=\"500aaea\" data-element_type=\"column\" data-e-type=\"column\">\n\t\t\t<div class=\"elementor-widget-wrap elementor-element-populated\">\n\t\t\t\t\t\t<div class=\"elementor-element elementor-element-19293f6 elementor-widget-divider--view-line elementor-widget elementor-widget-divider\" data-id=\"19293f6\" data-element_type=\"widget\" data-e-type=\"widget\" data-widget_type=\"divider.default\">\n\t\t\t\t<div class=\"elementor-widget-container\">\n\t\t\t\t\t\t\t<div class=\"elementor-divider\">\n\t\t\t<span class=\"elementor-divider-separator\">\n\t\t\t\t\t\t<\/span>\n\t\t<\/div>\n\t\t\t\t\t\t<\/div>\n\t\t\t\t<\/div>\n\t\t\t\t\t<\/div>\n\t\t<\/div>\n\t\t\t\t\t<\/div>\n\t\t<\/section>\n\t\t\t\t<section class=\"elementor-section elementor-top-section elementor-element elementor-element-79a07f1 elementor-section-stretched elementor-section-content-bottom elementor-section-boxed elementor-section-height-default elementor-section-height-default\" data-id=\"79a07f1\" data-element_type=\"section\" data-e-type=\"section\" data-settings=\"{&quot;stretch_section&quot;:&quot;section-stretched&quot;,&quot;background_background&quot;:&quot;classic&quot;}\">\n\t\t\t\t\t\t\t<div class=\"elementor-background-overlay\"><\/div>\n\t\t\t\t\t\t\t<div class=\"elementor-container elementor-column-gap-default\">\n\t\t\t\t\t<div class=\"elementor-column elementor-col-50 elementor-top-column elementor-element elementor-element-9cdad8a\" data-id=\"9cdad8a\" data-element_type=\"column\" data-e-type=\"column\">\n\t\t\t<div class=\"elementor-widget-wrap elementor-element-populated\">\n\t\t\t\t\t\t<div class=\"elementor-element elementor-element-cdd8a85 elementor-widget elementor-widget-heading\" data-id=\"cdd8a85\" data-element_type=\"widget\" data-e-type=\"widget\" data-widget_type=\"heading.default\">\n\t\t\t\t<div class=\"elementor-widget-container\">\n\t\t\t\t\t<h2 class=\"elementor-heading-title elementor-size-default\">Geschlossenzellige Systeme<\/h2>\t\t\t\t<\/div>\n\t\t\t\t<\/div>\n\t\t\t\t<div class=\"elementor-element elementor-element-3bc5dad elementor-widget elementor-widget-text-editor\" data-id=\"3bc5dad\" data-element_type=\"widget\" data-e-type=\"widget\" data-widget_type=\"text-editor.default\">\n\t\t\t\t<div class=\"elementor-widget-container\">\n\t\t\t\t\t\t\t\t\t<p>Dank ihrer modernen Formulierung und der geschlossenen Zellstruktur zeichnen sich die Produkte dieser Gruppe durch hohe mechanische Festigkeit und Leichtigkeit aus. Sie werden u. a. als Innen- und Au\u00dfend\u00e4mmung verwendet. im Gewerbe-, Industrie- und Viehzuchtbau.<\/p>\n\t\t\t\t\t\t\t\t<\/div>\n\t\t\t\t<\/div>\n\t\t\t\t\t<\/div>\n\t\t<\/div>\n\t\t\t\t<div class=\"elementor-column elementor-col-50 elementor-top-column elementor-element elementor-element-fcf42c1\" data-id=\"fcf42c1\" data-element_type=\"column\" data-e-type=\"column\">\n\t\t\t<div class=\"elementor-widget-wrap elementor-element-populated\">\n\t\t\t\t\t\t<div class=\"elementor-element elementor-element-c7df2e0 elementor-widget elementor-widget-image\" data-id=\"c7df2e0\" data-element_type=\"widget\" data-e-type=\"widget\" data-widget_type=\"image.default\">\n\t\t\t\t<div class=\"elementor-widget-container\">\n\t\t\t\t\t\t\t\t\t\t\t\t\t\t\t<img decoding=\"async\" width=\"597\" height=\"369\" src=\"https:\/\/www.pcc-prodex.eu\/wp-content\/uploads\/2020\/12\/Intersection-3.png\" class=\"attachment-large size-large wp-image-28552\" alt=\"\" srcset=\"https:\/\/www.pcc-prodex.eu\/wp-content\/uploads\/2020\/12\/Intersection-3.png 597w, https:\/\/www.pcc-prodex.eu\/wp-content\/uploads\/2020\/12\/Intersection-3-300x185.png 300w\" sizes=\"(max-width: 597px) 100vw, 597px\" \/>\t\t\t\t\t\t\t\t\t\t\t\t\t\t\t<\/div>\n\t\t\t\t<\/div>\n\t\t\t\t\t<\/div>\n\t\t<\/div>\n\t\t\t\t\t<\/div>\n\t\t<\/section>\n\t\t\t\t<section class=\"elementor-section elementor-top-section elementor-element elementor-element-368ce24 elementor-section-boxed elementor-section-height-default elementor-section-height-default\" data-id=\"368ce24\" data-element_type=\"section\" data-e-type=\"section\">\n\t\t\t\t\t\t<div class=\"elementor-container elementor-column-gap-default\">\n\t\t\t\t\t<div class=\"elementor-column elementor-col-100 elementor-top-column elementor-element elementor-element-52ad130\" data-id=\"52ad130\" data-element_type=\"column\" data-e-type=\"column\">\n\t\t\t<div class=\"elementor-widget-wrap elementor-element-populated\">\n\t\t\t\t\t\t\t<\/div>\n\t\t<\/div>\n\t\t\t\t\t<\/div>\n\t\t<\/section>\n\t\t\t\t<section class=\"elementor-section elementor-top-section elementor-element elementor-element-27113308 elementor-section-boxed elementor-section-height-default elementor-section-height-default\" data-id=\"27113308\" data-element_type=\"section\" data-e-type=\"section\">\n\t\t\t\t\t\t<div class=\"elementor-container elementor-column-gap-default\">\n\t\t\t\t\t<div class=\"elementor-column elementor-col-100 elementor-top-column elementor-element elementor-element-219f153\" data-id=\"219f153\" data-element_type=\"column\" data-e-type=\"column\">\n\t\t\t<div class=\"elementor-widget-wrap elementor-element-populated\">\n\t\t\t\t\t\t<div class=\"elementor-element elementor-element-5b4f2bc elementor-widget elementor-widget-text-editor\" data-id=\"5b4f2bc\" data-element_type=\"widget\" data-e-type=\"widget\" data-widget_type=\"text-editor.default\">\n\t\t\t\t<div class=\"elementor-widget-container\">\n\t\t\t\t\t\t\t\t\t<p>Alle Produkte von Ekoprodur wurden in zertifizierten Pr\u00fcfstellen nach streng definierten europ\u00e4ischen Normen getestet, auf deren Grundlage sie das CE-Zeichen erhalten haben und f\u00fcr die eine Verwendungserkl\u00e4rung ausgestellt wurde. Die vom Hersteller angegebenen Parameter ber\u00fccksichtigen einen Alterungsprozess von 25 Jahren und garantieren unver\u00e4nderte Parameter w\u00e4hrend dieses Zeitraums.<\/p>\n<p>Die Sicherheit der PCC Prodex-Produkte wird durch Zertifikate des Polnischen Hygiene-Instituts best\u00e4tigt.<\/p>\t\t\t\t\t\t\t\t<\/div>\n\t\t\t\t<\/div>\n\t\t\t\t\t<\/div>\n\t\t<\/div>\n\t\t\t\t\t<\/div>\n\t\t<\/section>\n\t\t\t\t<\/div>\n\t\t","protected":false},"excerpt":{"rendered":"<p>Spr\u00fchsysteme Es gibt zwei Arten von Spr\u00fchschaum: offenzelligen und geschlossenzelligen, die sich in ihrer Anwendung und ihren Eigenschaften unterscheiden. Durch die Wahl des richtigen Produkts kann die Spr\u00fchd\u00e4mmung in allen Geb\u00e4udeh\u00fcllen eingesetzt werden, um eine wirksame und wirtschaftliche D\u00e4mmung zu erreichen, die thermischen und akustischen Komfort bietet. Offenzellige Systeme Die Schaumstoffe EKOPRODUR S0310 und S0310\/E [&hellip;]<\/p>\n","protected":false},"author":8,"featured_media":0,"parent":0,"menu_order":0,"comment_status":"closed","ping_status":"open","template":"elementor_header_footer","meta":{"_acf_changed":false,"footnotes":""},"class_list":["post-32450","page","type-page","status-publish","hentry"],"acf":[],"yoast_head":"<!-- This site is optimized with the Yoast SEO plugin v27.3 - https:\/\/yoast.com\/product\/yoast-seo-wordpress\/ -->\n<title>PCC Prodex - Spr\u00fchsysteme<\/title>\n<meta name=\"description\" content=\"Es gibt zwei Arten von Spr\u00fchschaum: offenzelligen und geschlossenzelligen, die sich in ihrer Anwendung und ihren Eigenschaften unterscheiden.\" \/>\n<meta name=\"robots\" content=\"index, follow, max-snippet:-1, max-image-preview:large, max-video-preview:-1\" \/>\n<link rel=\"canonical\" href=\"https:\/\/www.pcc-prodex.eu\/de\/spruehsysteme\/\" \/>\n<meta property=\"og:locale\" content=\"de_DE\" \/>\n<meta property=\"og:type\" content=\"article\" \/>\n<meta property=\"og:title\" content=\"PCC Prodex - Spr\u00fchsysteme\" \/>\n<meta property=\"og:description\" content=\"Es gibt zwei Arten von Spr\u00fchschaum: offenzelligen und geschlossenzelligen, die sich in ihrer Anwendung und ihren Eigenschaften unterscheiden.\" \/>\n<meta property=\"og:url\" content=\"https:\/\/www.pcc-prodex.eu\/de\/spruehsysteme\/\" \/>\n<meta property=\"og:site_name\" content=\"PCC Prodex\" \/>\n<meta property=\"article:publisher\" content=\"https:\/\/www.facebook.com\/pcc.prodex.1979\" \/>\n<meta property=\"article:modified_time\" content=\"2023-08-04T07:57:27+00:00\" \/>\n<meta property=\"og:image\" content=\"https:\/\/www.pcc-prodex.eu\/wp-content\/uploads\/2020\/10\/Intersection-1.png\" \/>\n<meta name=\"twitter:card\" content=\"summary_large_image\" \/>\n<meta name=\"twitter:label1\" content=\"Gesch\u00e4tzte Lesezeit\" \/>\n\t<meta name=\"twitter:data1\" content=\"1\u00a0Minute\" \/>\n<script type=\"application\/ld+json\" class=\"yoast-schema-graph\">{\"@context\":\"https:\\\/\\\/schema.org\",\"@graph\":[{\"@type\":\"WebPage\",\"@id\":\"https:\\\/\\\/www.pcc-prodex.eu\\\/de\\\/spruehsysteme\\\/\",\"url\":\"https:\\\/\\\/www.pcc-prodex.eu\\\/de\\\/spruehsysteme\\\/\",\"name\":\"PCC Prodex - Spr\u00fchsysteme\",\"isPartOf\":{\"@id\":\"https:\\\/\\\/www.pcc-prodex.eu\\\/de\\\/#website\"},\"primaryImageOfPage\":{\"@id\":\"https:\\\/\\\/www.pcc-prodex.eu\\\/de\\\/spruehsysteme\\\/#primaryimage\"},\"image\":{\"@id\":\"https:\\\/\\\/www.pcc-prodex.eu\\\/de\\\/spruehsysteme\\\/#primaryimage\"},\"thumbnailUrl\":\"https:\\\/\\\/www.pcc-prodex.eu\\\/wp-content\\\/uploads\\\/2020\\\/10\\\/Intersection-1.png\",\"datePublished\":\"2020-10-23T13:09:10+00:00\",\"dateModified\":\"2023-08-04T07:57:27+00:00\",\"description\":\"Es gibt zwei Arten von Spr\u00fchschaum: offenzelligen und geschlossenzelligen, die sich in ihrer Anwendung und ihren Eigenschaften unterscheiden.\",\"breadcrumb\":{\"@id\":\"https:\\\/\\\/www.pcc-prodex.eu\\\/de\\\/spruehsysteme\\\/#breadcrumb\"},\"inLanguage\":\"de\",\"potentialAction\":[{\"@type\":\"ReadAction\",\"target\":[\"https:\\\/\\\/www.pcc-prodex.eu\\\/de\\\/spruehsysteme\\\/\"]}]},{\"@type\":\"ImageObject\",\"inLanguage\":\"de\",\"@id\":\"https:\\\/\\\/www.pcc-prodex.eu\\\/de\\\/spruehsysteme\\\/#primaryimage\",\"url\":\"https:\\\/\\\/www.pcc-prodex.eu\\\/wp-content\\\/uploads\\\/2020\\\/10\\\/Intersection-1.png\",\"contentUrl\":\"https:\\\/\\\/www.pcc-prodex.eu\\\/wp-content\\\/uploads\\\/2020\\\/10\\\/Intersection-1.png\"},{\"@type\":\"BreadcrumbList\",\"@id\":\"https:\\\/\\\/www.pcc-prodex.eu\\\/de\\\/spruehsysteme\\\/#breadcrumb\",\"itemListElement\":[{\"@type\":\"ListItem\",\"position\":1,\"name\":\"PCC\",\"item\":\"https:\\\/\\\/www.pcc-prodex.eu\\\/de\\\/\"},{\"@type\":\"ListItem\",\"position\":2,\"name\":\"Spr\u00fchsysteme\"}]},{\"@type\":\"WebSite\",\"@id\":\"https:\\\/\\\/www.pcc-prodex.eu\\\/de\\\/#website\",\"url\":\"https:\\\/\\\/www.pcc-prodex.eu\\\/de\\\/\",\"name\":\"PCC Prodex\",\"description\":\"Strona sp\u00f3\u0142ki PCC Prodex\",\"publisher\":{\"@id\":\"https:\\\/\\\/www.pcc-prodex.eu\\\/de\\\/#organization\"},\"potentialAction\":[{\"@type\":\"SearchAction\",\"target\":{\"@type\":\"EntryPoint\",\"urlTemplate\":\"https:\\\/\\\/www.pcc-prodex.eu\\\/de\\\/?s={search_term_string}\"},\"query-input\":{\"@type\":\"PropertyValueSpecification\",\"valueRequired\":true,\"valueName\":\"search_term_string\"}}],\"inLanguage\":\"de\"},{\"@type\":\"Organization\",\"@id\":\"https:\\\/\\\/www.pcc-prodex.eu\\\/de\\\/#organization\",\"name\":\"PCC Prodex Sp. z o.o.\",\"url\":\"https:\\\/\\\/www.pcc-prodex.eu\\\/de\\\/\",\"logo\":{\"@type\":\"ImageObject\",\"inLanguage\":\"de\",\"@id\":\"https:\\\/\\\/www.pcc-prodex.eu\\\/de\\\/#\\\/schema\\\/logo\\\/image\\\/\",\"url\":\"https:\\\/\\\/www.pcc-prodex.eu\\\/wp-content\\\/uploads\\\/2020\\\/10\\\/Warstwa_x0020_1.png\",\"contentUrl\":\"https:\\\/\\\/www.pcc-prodex.eu\\\/wp-content\\\/uploads\\\/2020\\\/10\\\/Warstwa_x0020_1.png\",\"width\":\"154\",\"height\":\"40\",\"caption\":\"PCC Prodex Sp. z o.o.\"},\"image\":{\"@id\":\"https:\\\/\\\/www.pcc-prodex.eu\\\/de\\\/#\\\/schema\\\/logo\\\/image\\\/\"},\"sameAs\":[\"https:\\\/\\\/www.facebook.com\\\/pcc.prodex.1979\",\"https:\\\/\\\/www.youtube.com\\\/channel\\\/UC9j1nScqLHxssaxYvt0Fw_Q\"]}]}<\/script>\n<!-- \/ Yoast SEO plugin. -->","yoast_head_json":{"title":"PCC Prodex - Spr\u00fchsysteme","description":"Es gibt zwei Arten von Spr\u00fchschaum: offenzelligen und geschlossenzelligen, die sich in ihrer Anwendung und ihren Eigenschaften unterscheiden.","robots":{"index":"index","follow":"follow","max-snippet":"max-snippet:-1","max-image-preview":"max-image-preview:large","max-video-preview":"max-video-preview:-1"},"canonical":"https:\/\/www.pcc-prodex.eu\/de\/spruehsysteme\/","og_locale":"de_DE","og_type":"article","og_title":"PCC Prodex - Spr\u00fchsysteme","og_description":"Es gibt zwei Arten von Spr\u00fchschaum: offenzelligen und geschlossenzelligen, die sich in ihrer Anwendung und ihren Eigenschaften unterscheiden.","og_url":"https:\/\/www.pcc-prodex.eu\/de\/spruehsysteme\/","og_site_name":"PCC Prodex","article_publisher":"https:\/\/www.facebook.com\/pcc.prodex.1979","article_modified_time":"2023-08-04T07:57:27+00:00","og_image":[{"url":"https:\/\/www.pcc-prodex.eu\/wp-content\/uploads\/2020\/10\/Intersection-1.png","type":"","width":"","height":""}],"twitter_card":"summary_large_image","twitter_misc":{"Gesch\u00e4tzte Lesezeit":"1\u00a0Minute"},"schema":{"@context":"https:\/\/schema.org","@graph":[{"@type":"WebPage","@id":"https:\/\/www.pcc-prodex.eu\/de\/spruehsysteme\/","url":"https:\/\/www.pcc-prodex.eu\/de\/spruehsysteme\/","name":"PCC Prodex - Spr\u00fchsysteme","isPartOf":{"@id":"https:\/\/www.pcc-prodex.eu\/de\/#website"},"primaryImageOfPage":{"@id":"https:\/\/www.pcc-prodex.eu\/de\/spruehsysteme\/#primaryimage"},"image":{"@id":"https:\/\/www.pcc-prodex.eu\/de\/spruehsysteme\/#primaryimage"},"thumbnailUrl":"https:\/\/www.pcc-prodex.eu\/wp-content\/uploads\/2020\/10\/Intersection-1.png","datePublished":"2020-10-23T13:09:10+00:00","dateModified":"2023-08-04T07:57:27+00:00","description":"Es gibt zwei Arten von Spr\u00fchschaum: offenzelligen und geschlossenzelligen, die sich in ihrer Anwendung und ihren Eigenschaften unterscheiden.","breadcrumb":{"@id":"https:\/\/www.pcc-prodex.eu\/de\/spruehsysteme\/#breadcrumb"},"inLanguage":"de","potentialAction":[{"@type":"ReadAction","target":["https:\/\/www.pcc-prodex.eu\/de\/spruehsysteme\/"]}]},{"@type":"ImageObject","inLanguage":"de","@id":"https:\/\/www.pcc-prodex.eu\/de\/spruehsysteme\/#primaryimage","url":"https:\/\/www.pcc-prodex.eu\/wp-content\/uploads\/2020\/10\/Intersection-1.png","contentUrl":"https:\/\/www.pcc-prodex.eu\/wp-content\/uploads\/2020\/10\/Intersection-1.png"},{"@type":"BreadcrumbList","@id":"https:\/\/www.pcc-prodex.eu\/de\/spruehsysteme\/#breadcrumb","itemListElement":[{"@type":"ListItem","position":1,"name":"PCC","item":"https:\/\/www.pcc-prodex.eu\/de\/"},{"@type":"ListItem","position":2,"name":"Spr\u00fchsysteme"}]},{"@type":"WebSite","@id":"https:\/\/www.pcc-prodex.eu\/de\/#website","url":"https:\/\/www.pcc-prodex.eu\/de\/","name":"PCC Prodex","description":"Strona sp\u00f3\u0142ki PCC Prodex","publisher":{"@id":"https:\/\/www.pcc-prodex.eu\/de\/#organization"},"potentialAction":[{"@type":"SearchAction","target":{"@type":"EntryPoint","urlTemplate":"https:\/\/www.pcc-prodex.eu\/de\/?s={search_term_string}"},"query-input":{"@type":"PropertyValueSpecification","valueRequired":true,"valueName":"search_term_string"}}],"inLanguage":"de"},{"@type":"Organization","@id":"https:\/\/www.pcc-prodex.eu\/de\/#organization","name":"PCC Prodex Sp. z o.o.","url":"https:\/\/www.pcc-prodex.eu\/de\/","logo":{"@type":"ImageObject","inLanguage":"de","@id":"https:\/\/www.pcc-prodex.eu\/de\/#\/schema\/logo\/image\/","url":"https:\/\/www.pcc-prodex.eu\/wp-content\/uploads\/2020\/10\/Warstwa_x0020_1.png","contentUrl":"https:\/\/www.pcc-prodex.eu\/wp-content\/uploads\/2020\/10\/Warstwa_x0020_1.png","width":"154","height":"40","caption":"PCC Prodex Sp. z o.o."},"image":{"@id":"https:\/\/www.pcc-prodex.eu\/de\/#\/schema\/logo\/image\/"},"sameAs":["https:\/\/www.facebook.com\/pcc.prodex.1979","https:\/\/www.youtube.com\/channel\/UC9j1nScqLHxssaxYvt0Fw_Q"]}]}},"_links":{"self":[{"href":"https:\/\/www.pcc-prodex.eu\/de\/wp-json\/wp\/v2\/pages\/32450","targetHints":{"allow":["GET"]}}],"collection":[{"href":"https:\/\/www.pcc-prodex.eu\/de\/wp-json\/wp\/v2\/pages"}],"about":[{"href":"https:\/\/www.pcc-prodex.eu\/de\/wp-json\/wp\/v2\/types\/page"}],"author":[{"embeddable":true,"href":"https:\/\/www.pcc-prodex.eu\/de\/wp-json\/wp\/v2\/users\/8"}],"replies":[{"embeddable":true,"href":"https:\/\/www.pcc-prodex.eu\/de\/wp-json\/wp\/v2\/comments?post=32450"}],"version-history":[{"count":2,"href":"https:\/\/www.pcc-prodex.eu\/de\/wp-json\/wp\/v2\/pages\/32450\/revisions"}],"predecessor-version":[{"id":32874,"href":"https:\/\/www.pcc-prodex.eu\/de\/wp-json\/wp\/v2\/pages\/32450\/revisions\/32874"}],"wp:attachment":[{"href":"https:\/\/www.pcc-prodex.eu\/de\/wp-json\/wp\/v2\/media?parent=32450"}],"curies":[{"name":"wp","href":"https:\/\/api.w.org\/{rel}","templated":true}]}}