{"id":32447,"date":"2020-12-23T11:43:56","date_gmt":"2020-12-23T10:43:56","guid":{"rendered":"https:\/\/nowy.pcc-prodex.pl\/?page_id=32447"},"modified":"2023-07-21T16:00:57","modified_gmt":"2023-07-21T14:00:57","slug":"datenschutzbestimmungen","status":"publish","type":"page","link":"https:\/\/www.pcc-prodex.eu\/de\/datenschutzbestimmungen\/","title":{"rendered":"Datenschutzbestimmungen"},"content":{"rendered":"\t\t<div data-elementor-type=\"wp-post\" data-elementor-id=\"32447\" class=\"elementor elementor-32447 elementor-26694\" data-elementor-post-type=\"page\">\n\t\t\t\t\t\t<section class=\"elementor-section elementor-top-section elementor-element elementor-element-s5cnk9s elementor-section-stretched elementor-section-content-middle elementor-section-boxed elementor-section-height-default elementor-section-height-default\" data-id=\"s5cnk9s\" data-element_type=\"section\" data-e-type=\"section\" data-settings=\"{&quot;stretch_section&quot;:&quot;section-stretched&quot;,&quot;animation&quot;:&quot;none&quot;}\">\n\t\t\t\t\t\t\t<div class=\"elementor-background-overlay\"><\/div>\n\t\t\t\t\t\t\t<div class=\"elementor-container elementor-column-gap-default\">\n\t\t\t\t\t<div class=\"elementor-column elementor-col-100 elementor-top-column elementor-element elementor-element-q6uf6o5\" data-id=\"q6uf6o5\" data-element_type=\"column\" data-e-type=\"column\">\n\t\t\t<div class=\"elementor-widget-wrap elementor-element-populated\">\n\t\t\t\t\t\t<section class=\"elementor-section elementor-inner-section elementor-element elementor-element-b10fc19 elementor-section-boxed elementor-section-height-default elementor-section-height-default\" data-id=\"b10fc19\" data-element_type=\"section\" data-e-type=\"section\">\n\t\t\t\t\t\t<div class=\"elementor-container elementor-column-gap-default\">\n\t\t\t\t\t<div class=\"elementor-column elementor-col-100 elementor-inner-column elementor-element elementor-element-b7922fe\" data-id=\"b7922fe\" data-element_type=\"column\" data-e-type=\"column\">\n\t\t\t<div class=\"elementor-widget-wrap elementor-element-populated\">\n\t\t\t\t\t\t<div class=\"elementor-element elementor-element-99ceab5 elementor-widget elementor-widget-shortcode\" data-id=\"99ceab5\" data-element_type=\"widget\" data-e-type=\"widget\" data-widget_type=\"shortcode.default\">\n\t\t\t\t<div class=\"elementor-widget-container\">\n\t\t\t\t\t\t\t<div class=\"elementor-shortcode\"><span><span><a href=\"https:\/\/www.pcc-prodex.eu\/de\/\">PCC<\/a><\/span><\/span><\/div>\n\t\t\t\t\t\t<\/div>\n\t\t\t\t<\/div>\n\t\t\t\t<div class=\"elementor-element elementor-element-8694de5 elementor-widget elementor-widget-heading\" data-id=\"8694de5\" data-element_type=\"widget\" data-e-type=\"widget\" data-widget_type=\"heading.default\">\n\t\t\t\t<div class=\"elementor-widget-container\">\n\t\t\t\t\t<h1 class=\"elementor-heading-title elementor-size-default\">Datenschutzbestimmungen<\/h1>\t\t\t\t<\/div>\n\t\t\t\t<\/div>\n\t\t\t\t\t<\/div>\n\t\t<\/div>\n\t\t\t\t\t<\/div>\n\t\t<\/section>\n\t\t\t\t<div class=\"elementor-element elementor-element-d01e25a elementor-widget elementor-widget-heading\" data-id=\"d01e25a\" data-element_type=\"widget\" data-e-type=\"widget\" data-widget_type=\"heading.default\">\n\t\t\t\t<div class=\"elementor-widget-container\">\n\t\t\t\t\t<h4 class=\"elementor-heading-title elementor-size-default\">Schlie\u00dfen Sie sich den Besten an!<\/h4>\t\t\t\t<\/div>\n\t\t\t\t<\/div>\n\t\t\t\t\t<\/div>\n\t\t<\/div>\n\t\t\t\t\t<\/div>\n\t\t<\/section>\n\t\t\t\t<section class=\"elementor-section elementor-top-section elementor-element elementor-element-d1f693b elementor-section-boxed elementor-section-height-default elementor-section-height-default\" data-id=\"d1f693b\" data-element_type=\"section\" data-e-type=\"section\">\n\t\t\t\t\t\t<div class=\"elementor-container elementor-column-gap-default\">\n\t\t\t\t\t<div class=\"elementor-column elementor-col-100 elementor-top-column elementor-element elementor-element-88bc5c2\" data-id=\"88bc5c2\" data-element_type=\"column\" data-e-type=\"column\">\n\t\t\t<div class=\"elementor-widget-wrap elementor-element-populated\">\n\t\t\t\t\t\t<div class=\"elementor-element elementor-element-8fabb67 elementor-widget-divider--view-line elementor-widget elementor-widget-divider\" data-id=\"8fabb67\" data-element_type=\"widget\" data-e-type=\"widget\" data-widget_type=\"divider.default\">\n\t\t\t\t<div class=\"elementor-widget-container\">\n\t\t\t\t\t\t\t<div class=\"elementor-divider\">\n\t\t\t<span class=\"elementor-divider-separator\">\n\t\t\t\t\t\t<\/span>\n\t\t<\/div>\n\t\t\t\t\t\t<\/div>\n\t\t\t\t<\/div>\n\t\t\t\t\t<\/div>\n\t\t<\/div>\n\t\t\t\t\t<\/div>\n\t\t<\/section>\n\t\t\t\t<section class=\"elementor-section elementor-top-section elementor-element elementor-element-8e816fe elementor-section-stretched elementor-section-boxed elementor-section-height-default elementor-section-height-default\" data-id=\"8e816fe\" data-element_type=\"section\" data-e-type=\"section\" data-settings=\"{&quot;stretch_section&quot;:&quot;section-stretched&quot;}\">\n\t\t\t\t\t\t<div class=\"elementor-container elementor-column-gap-default\">\n\t\t\t\t\t<div class=\"elementor-column elementor-col-100 elementor-top-column elementor-element elementor-element-32da951\" data-id=\"32da951\" data-element_type=\"column\" data-e-type=\"column\">\n\t\t\t<div class=\"elementor-widget-wrap elementor-element-populated\">\n\t\t\t\t\t\t<div class=\"elementor-element elementor-element-68d25d5 elementor-widget elementor-widget-text-editor\" data-id=\"68d25d5\" data-element_type=\"widget\" data-e-type=\"widget\" data-widget_type=\"text-editor.default\">\n\t\t\t\t<div class=\"elementor-widget-container\">\n\t\t\t\t\t\t\t\t\t<h3 data-fontsize=\"20\" data-lineheight=\"26\"><strong>I. <\/strong><strong>Dienst<\/strong><\/h3>\n<p>Diese Datenschutzrichtlinie gilt f\u00fcr die Website unter der Domain www.pcc-prodex.eu.<\/p>\n<h3 data-fontsize=\"20\" data-lineheight=\"26\"><strong>II. Verantwortlicher f\u00fcr personenbezogene Daten<\/strong><\/h3>\n<p>Der Inhaber der personenbezogenen Daten ist die PCC Prodex Sp. z o.o. mit Sitz in der ul. Sienkiewicza 4, 56-120 Brzeg Dolny, eingetragen im Unternehmerregister des Landesgerichtsregisters, gef\u00fchrt vom Bezirksgericht Wroc\u0142aw, 9. Handelsabteilung des Landesgerichtsregisters, unter der KRS-Nummer 0000024928, mit einem Stammkapital von 50 000 PLN, NIP 522-18-03-295, REGON 012290187.<\/p>\n<p>Sie k\u00f6nnen uns bez\u00fcglich Ihrer pers\u00f6nlichen Daten per E-Mail kontaktieren: <a class=\"klasa-css\" href=\"mailto:odo.prodex@pcc.eu\">odo.prodex@pcc.eu<\/a><\/p>\n<p>Der f\u00fcr die Verarbeitung Verantwortliche erkl\u00e4rt, dass er besondere Sorgfalt auf den Schutz der Interessen der betroffenen Personen verwendet und insbesondere daf\u00fcr sorgt, dass:<\/p>\n<ol type=\"a\">\n<li>personenbezogene Daten rechtm\u00e4\u00dfig, fair und transparent verarbeitet;<\/li>\n<li>erhebt personenbezogene Daten f\u00fcr spezifische, ausdr\u00fcckliche und rechtm\u00e4\u00dfige Zwecke und verarbeitet sie nicht in einer Weise weiter, die mit diesen Zwecken unvereinbar ist;<\/li>\n<li>Personenbezogene Daten sind angemessen, relevant und auf das f\u00fcr die Zwecke, f\u00fcr die sie verarbeitet werden, erforderliche Ma\u00df beschr\u00e4nkt;<\/li>\n<li>Die personenbezogenen Daten sind korrekt und werden bei Bedarf aktualisiert;<\/li>\n<li>speichert personenbezogene Daten in einer Form, die die Identifizierung der betroffenen Person erm\u00f6glicht, nicht l\u00e4nger, als es f\u00fcr die Zwecke, f\u00fcr die sie verarbeitet werden, erforderlich ist;<\/li>\n<li>personenbezogene Daten in einer Weise verarbeitet, die eine angemessene Sicherheit gew\u00e4hrleistet, einschlie\u00dflich des Schutzes vor unbefugter oder unrechtm\u00e4\u00dfiger Verarbeitung und vor unbeabsichtigtem Verlust, unbeabsichtigter Zerst\u00f6rung oder unbeabsichtigter Besch\u00e4digung durch geeignete technische oder organisatorische Ma\u00dfnahmen<\/li>\n<\/ol>\n<h3 data-fontsize=\"20\" data-lineheight=\"26\"><strong>III. Zweck der Verarbeitung<\/strong><\/h3>\n<p>Personenbezogene Daten k\u00f6nnen vom Verwalter unter anderem zu folgenden Zwecken verarbeitet werden:<\/p>\n<ol type=\"a\">\n<li>Kommunikation und Antwort auf die Nachricht. Die Grundlage f\u00fcr die Verarbeitung Ihrer personenbezogenen Daten ist das berechtigte Interesse des f\u00fcr die Verarbeitung Verantwortlichen oder eines Dritten, z. B.: die Kontaktaufnahme mit Ihnen, unser Marketing oder unsere Partner, einschlie\u00dflich der <a href=\"https:\/\/www.pcc.eu\/pl\/pcc-na-swiecie\/\">PCC-Gruppe<\/a>.<\/li>\n<li>den Abschluss und die Erf\u00fcllung eines Dienstleistungs- oder Kaufvertrags &#8211; die Grundlage f\u00fcr die Verarbeitung ist hier die Notwendigkeit des Vertragsabschlusses;<\/li>\n<li>Direktmarketing f\u00fcr Produkte und Dienstleistungen des Verwalters und der Unternehmen der PCC-Gruppe &#8211; bis Sie der Verarbeitung Ihrer Daten zu diesem Zweck widersprechen oder Ihre Zustimmung zur\u00fcckziehen, ist die Grundlage f\u00fcr die Verarbeitung hier die Erf\u00fcllung der berechtigten Interessen des Verwalters oder eines Dritten oder Ihre Zustimmung;<\/li>\n<li>zur Erf\u00fcllung der gesetzlichen Verpflichtungen des Verwalters (z. B. Steuern, Buchhaltung, Bearbeitung von Beschwerden) &#8211; f\u00fcr die Dauer dieser Verpflichtungen oder f\u00fcr den Zeitraum, der erforderlich ist, um die Erf\u00fcllung dieser Verpflichtungen gegen\u00fcber den zur Kontrolle berechtigten Beh\u00f6rden nachzuweisen &#8211; die Grundlage f\u00fcr die Verarbeitung ist eine dem Verwalter obliegende gesetzliche Verpflichtung;<\/li>\n<li>die Feststellung, Abwehr und Geltendmachung von Anspr\u00fcchen &#8211; f\u00fcr die Dauer der Verj\u00e4hrung von Anspr\u00fcchen (z.B. aus Vertr\u00e4gen) oder f\u00fcr die Dauer eines etwaigen Verfahrens &#8211; Grundlage f\u00fcr die Verarbeitung ist hier das berechtigte Interesse oder die rechtliche Verpflichtung des f\u00fcr die Verarbeitung Verantwortlichen.<\/li>\n<\/ol>\n<p>Die Bereitstellung personenbezogener Daten ist freiwillig, kann aber z. B. f\u00fcr den Abschluss oder die Erf\u00fcllung eines Vertrags oder zur Beantwortung einer Anfrage oder f\u00fcr den Schriftverkehr erforderlich sein.<\/p>\n<p>Wenn die Verarbeitung personenbezogener Daten auf einer Einwilligung beruht, haben Sie das Recht, diese jederzeit zu widerrufen, ohne dass die Rechtm\u00e4\u00dfigkeit der Verarbeitung, die vor dem Widerruf auf der Grundlage der Einwilligung erfolgte, ber\u00fchrt wird<strong>.<\/strong><\/p>\n<h3 data-fontsize=\"20\" data-lineheight=\"26\"><strong>IV. Empf\u00e4nger von personenbezogenen Daten<\/strong><\/h3>\n<ol>\n<li>Personenbezogene Daten d\u00fcrfen nur im Rahmen der gesetzlichen Bestimmungen und nur zu dem Zweck und in dem Umfang an Dritte weitergegeben werden, wie es unter anderem f\u00fcr die Zwecke der Datenverarbeitung erforderlich ist. f\u00fcr die ordnungsgem\u00e4\u00dfe Erf\u00fcllung des Kaufvertrags oder des Dienstleistungsvertrags.<\/li>\n<li>Der Verwalter kann Dritte mit der Verarbeitung personenbezogener Daten zum Zwecke der Durchf\u00fchrung von T\u00e4tigkeiten im Zusammenhang mit der Aus\u00fcbung seiner T\u00e4tigkeit sowie zur Geltendmachung oder zum Schutz vor Anspr\u00fcchen im Zusammenhang mit der Nutzung seiner Dienstleistungen oder Produkte beauftragen. Diese Einrichtungen k\u00f6nnen sein:<\/li>\n<\/ol>\n<ol type=\"a\">\n<li>externe Beratungsunternehmen (einschlie\u00dflich Rechtsberatung, Wirtschaftspr\u00fcfung, Steuern, Marketing und Buchhaltung);<\/li>\n<li>externe IT-Spezialisten;<\/li>\n<li>Einrichtungen, die den Verwalter bei der Bearbeitung des Schriftverkehrs unterst\u00fctzen;<\/li>\n<li>Kuriere &#8211; im Falle von Korrespondenz oder Kuriersendungen;<\/li>\n<li>Internet-Zahlungsanbieter oder Banken &#8211; im Falle von Finanztransaktionen;<\/li>\n<li>Einrichtungen, die mit dem Verwalter im Rahmen von Verkaufsdienstleistungen zusammenarbeiten;<\/li>\n<li>und andere Unternehmen der PCC-Gruppe, die einige der oben genannten Dienstleistungen f\u00fcr den Verwalter erbringen.<\/li>\n<\/ol>\n<h3 data-fontsize=\"20\" data-lineheight=\"26\"><strong>V. Rechte der betroffenen Personen<\/strong><\/h3>\n<p>In jedem Fall hat die betroffene Person das Recht auf:<\/p>\n<ol type=\"a\">\n<li>Zugang zu personenbezogenen Daten (z. B. um Informationen dar\u00fcber zu erhalten, welche personenbezogenen Daten verarbeitet werden),<\/li>\n<li>die Berichtigung und Einschr\u00e4nkung der Verarbeitung personenbezogener Daten zu verlangen (z. B. wenn diese unrichtig sind);<\/li>\n<li>die L\u00f6schung personenbezogener Daten (z. B. wenn sie unrechtm\u00e4\u00dfig verarbeitet wurden);<\/li>\n<li>personenbezogene Daten, die er dem f\u00fcr die Verarbeitung Verantwortlichen zur Verf\u00fcgung gestellt hat und die mit automatisierten Mitteln verarbeitet werden und deren Verarbeitung auf einer Einwilligung oder einem Vertrag beruht, z. B. an einen anderen f\u00fcr die Verarbeitung Verantwortlichen zu \u00fcbermitteln;<\/li>\n<li>der Verarbeitung personenbezogener Daten mit der Begr\u00fcndung zu widersprechen, dass diese zur Wahrung der berechtigten Interessen des f\u00fcr die Verarbeitung Verantwortlichen oder eines Dritten, insbesondere der Verarbeitung zu Marketingzwecken, erforderlich ist;<\/li>\n<li>eine Beschwerde bei der f\u00fcr den Schutz personenbezogener Daten zust\u00e4ndigen Beh\u00f6rde einzureichen.<\/li>\n<\/ol>\n<h3 data-fontsize=\"20\" data-lineheight=\"26\"><strong>VI. Cookies<\/strong><\/h3>\n<p>Der Administrator verwendet Cookies (kleine Textdateien, sogenannte &#8222;Cookies&#8220;), die auf den Endger\u00e4ten der Nutzer gespeichert werden, um Daten \u00fcber die Nutzung der Website durch die Nutzer zu erhalten.<\/p>\n<p>Cookies machen dies unter anderem m\u00f6glich:<\/p>\n<ol type=\"a\">\n<li>Beibehaltung einer Benutzersitzung nach dem Einloggen, so dass nicht auf jeder Unterseite der Website eine separate Anmeldung erforderlich ist;<\/li>\n<li>den Inhalt der Website an die Bed\u00fcrfnisse und Interessen der Nutzer anzupassen;<\/li>\n<li>Erstellung von Statistiken \u00fcber die Besuche auf der Website;<\/li>\n<li>die Erstellung von Online-Umfragen und deren Absicherung gegen Mehrfachabstimmungen durch dieselben Personen.<\/li>\n<\/ol>\n<p>Zu den durch Cookies erhaltenen Informationen geh\u00f6ren unter anderem. den Namen des Internetdienstanbieters, die IP-Adresse der Nutzer, das Herkunftsland, von dem aus sich die Nutzer mit der Website verbinden.<\/p>\n<p>Die Website verwendet zwei Haupttypen von Cookies: &#8222;Sitzungscookies&#8220; und &#8222;permanente Cookies&#8220; (dauerhafte Cookies). &#8222;Session&#8220;-Cookies sind tempor\u00e4re Dateien, die auf dem Endger\u00e4t des Nutzers gespeichert werden, bis sich der Nutzer abmeldet, die Website verl\u00e4sst oder die Software (Webbrowser) ausschaltet. &#8222;Permanente&#8220; Cookies werden auf dem Endger\u00e4t des Nutzers f\u00fcr die in den Parametern der Cookies angegebene Zeit oder bis zu ihrer L\u00f6schung durch den Nutzer gespeichert.<\/p>\n<p>In vielen F\u00e4llen erlaubt die Web-Browsing-Software (Webbrowser) standardm\u00e4\u00dfig die Speicherung von Cookies auf dem Endger\u00e4t des Nutzers. Der Nutzer kann die auf seinem Endger\u00e4t gespeicherten Cookies jederzeit l\u00f6schen oder ihre Platzierung in den Einstellungen seines Internetbrowsers (auch auf einem Mobiltelefon oder einem anderen Ger\u00e4t, das den Zugang zum Internet erm\u00f6glicht) blockieren. Weitere Informationen zu Cookies finden Sie im Abschnitt &#8222;Hilfe&#8220; Ihres Browser-Men\u00fcs.<\/p>\n<p>Der Administrator weist darauf hin, dass Einschr\u00e4nkungen bei der Verwendung von Cookies einige der auf der Website verf\u00fcgbaren Funktionen beeintr\u00e4chtigen k\u00f6nnen.<\/p>\n<p>Der Administrator nutzt auf seiner Website einen Dienst von Google:<\/p>\n<p>1) Google Analytics &#8211; ein Dienst, der die Erfassung von Daten zur Analyse der Besucherstatistiken der Website erm\u00f6glicht. Detaillierte Informationen dar\u00fcber, wie Google Analytics Ihre Daten verarbeitet, finden Sie unter: <a href=\"https:\/\/support.google.com\/analytics\/answer\/6004245?hl=pl\">https:\/\/support.google.com\/analytics\/answer\/6004245?hl=pl.<\/a> Der Nutzer kann die Erfassung seiner Daten verhindern, indem er ein Browser-Add-on installiert, das die \u00dcbertragung der Daten an Google Analytics blockiert: <a href=\"https:\/\/tools.google.com\/dlpage\/gaoptout?hl=pl\">https:\/\/tools.google.com\/dlpage\/gaoptout?hl=pl.<\/a><\/p>\n<p>2. reCAPTCHA von Google &#8211; ein Dienst, der es erm\u00f6glicht, nach dem Verhalten eines Nutzers zu pr\u00fcfen, ob die Daten auf einer Seite (z. B. einem Formular) von einem Menschen oder einem Automaten eingegeben wurden. Die Analyse l\u00e4uft automatisch im Hintergrund, wenn die Website ge\u00f6ffnet wird, ohne dass der Nutzer dar\u00fcber informiert wird. Im Rahmen der Analyse ber\u00fccksichtigt der Mechanismus verschiedene Arten von Informationen (z. B. IP-Adresse, durchgef\u00fchrte Mausbewegungen, auf der Website verbrachte Zeit), und die gesammelten Daten werden an Google gesendet. Weitere Informationen zu Google reCAPTCHA finden Sie unter: <a href=\"https:\/\/www.google.com\/recaptcha\/intro\/v3.html\">https:\/\/www.google.com\/recaptcha\/intro\/v3.html.<\/a><\/p>\n<p>Weitere Informationen zu den Datenschutzbestimmungen und der Datenerfassung von Google finden Sie unter: <a href=\"https:\/\/policies.google.com\/privacy?hl=pl\">https:\/\/policies.google.com\/privacy?hl=pl.<\/a><\/p>\n<h3 data-fontsize=\"20\" data-lineheight=\"26\"><strong>VII. \u00c4nderung der Datenschutzpolitik<\/strong><\/h3>\n<p>Diese Datenschutzrichtlinie kann vom Administrator durch Ver\u00f6ffentlichung einer neuen Version auf der Website ge\u00e4ndert werden.<\/p>\n<p>Diese Version der Datenschutzrichtlinie gilt ab dem 25.05.2018.<\/p>\n\t\t\t\t\t\t\t\t<\/div>\n\t\t\t\t<\/div>\n\t\t\t\t\t<\/div>\n\t\t<\/div>\n\t\t\t\t\t<\/div>\n\t\t<\/section>\n\t\t\t\t<\/div>\n\t\t","protected":false},"excerpt":{"rendered":"<p>Datenschutzbestimmungen Schlie\u00dfen Sie sich den Besten an! I. Dienst Diese Datenschutzrichtlinie gilt f\u00fcr die Website unter der Domain www.pcc-prodex.eu. II. Verantwortlicher f\u00fcr personenbezogene Daten Der Inhaber der personenbezogenen Daten ist die PCC Prodex Sp. z o.o. mit Sitz in der ul. Sienkiewicza 4, 56-120 Brzeg Dolny, eingetragen im Unternehmerregister des Landesgerichtsregisters, gef\u00fchrt vom Bezirksgericht Wroc\u0142aw, [&hellip;]<\/p>\n","protected":false},"author":8,"featured_media":0,"parent":0,"menu_order":0,"comment_status":"closed","ping_status":"closed","template":"","meta":{"_acf_changed":false,"footnotes":""},"class_list":["post-32447","page","type-page","status-publish","hentry"],"acf":[],"yoast_head":"<!-- This site is optimized with the Yoast SEO plugin v27.3 - https:\/\/yoast.com\/product\/yoast-seo-wordpress\/ -->\n<title>- Strona sp\u00f3\u0142ki PCC Prodex<\/title>\n<meta name=\"robots\" content=\"index, follow, max-snippet:-1, max-image-preview:large, max-video-preview:-1\" \/>\n<link rel=\"canonical\" href=\"https:\/\/www.pcc-prodex.eu\/de\/datenschutzbestimmungen\/\" \/>\n<meta property=\"og:locale\" content=\"de_DE\" \/>\n<meta property=\"og:type\" content=\"article\" \/>\n<meta property=\"og:title\" content=\"- Strona sp\u00f3\u0142ki PCC Prodex\" \/>\n<meta property=\"og:description\" content=\"Datenschutzbestimmungen Schlie\u00dfen Sie sich den Besten an! I. Dienst Diese Datenschutzrichtlinie gilt f\u00fcr die Website unter der Domain www.pcc-prodex.eu. II. Verantwortlicher f\u00fcr personenbezogene Daten Der Inhaber der personenbezogenen Daten ist die PCC Prodex Sp. z o.o. mit Sitz in der ul. Sienkiewicza 4, 56-120 Brzeg Dolny, eingetragen im Unternehmerregister des Landesgerichtsregisters, gef\u00fchrt vom Bezirksgericht Wroc\u0142aw, [&hellip;]\" \/>\n<meta property=\"og:url\" content=\"https:\/\/www.pcc-prodex.eu\/de\/datenschutzbestimmungen\/\" \/>\n<meta property=\"og:site_name\" content=\"PCC Prodex\" \/>\n<meta property=\"article:publisher\" content=\"https:\/\/www.facebook.com\/pcc.prodex.1979\" \/>\n<meta property=\"article:modified_time\" content=\"2023-07-21T14:00:57+00:00\" \/>\n<meta property=\"og:image\" content=\"https:\/\/www.pcc-prodex.eu\/wp-content\/uploads\/2021\/02\/prodexog.png\" \/>\n\t<meta property=\"og:image:width\" content=\"1200\" \/>\n\t<meta property=\"og:image:height\" content=\"630\" \/>\n\t<meta property=\"og:image:type\" content=\"image\/png\" \/>\n<meta name=\"twitter:card\" content=\"summary_large_image\" \/>\n<meta name=\"twitter:label1\" content=\"Gesch\u00e4tzte Lesezeit\" \/>\n\t<meta name=\"twitter:data1\" content=\"7\u00a0Minuten\" \/>\n<script type=\"application\/ld+json\" class=\"yoast-schema-graph\">{\"@context\":\"https:\\\/\\\/schema.org\",\"@graph\":[{\"@type\":\"WebPage\",\"@id\":\"https:\\\/\\\/www.pcc-prodex.eu\\\/de\\\/datenschutzbestimmungen\\\/\",\"url\":\"https:\\\/\\\/www.pcc-prodex.eu\\\/de\\\/datenschutzbestimmungen\\\/\",\"name\":\"- Strona sp\u00f3\u0142ki PCC Prodex\",\"isPartOf\":{\"@id\":\"https:\\\/\\\/www.pcc-prodex.eu\\\/de\\\/#website\"},\"datePublished\":\"2020-12-23T10:43:56+00:00\",\"dateModified\":\"2023-07-21T14:00:57+00:00\",\"breadcrumb\":{\"@id\":\"https:\\\/\\\/www.pcc-prodex.eu\\\/de\\\/datenschutzbestimmungen\\\/#breadcrumb\"},\"inLanguage\":\"de\",\"potentialAction\":[{\"@type\":\"ReadAction\",\"target\":[\"https:\\\/\\\/www.pcc-prodex.eu\\\/de\\\/datenschutzbestimmungen\\\/\"]}]},{\"@type\":\"BreadcrumbList\",\"@id\":\"https:\\\/\\\/www.pcc-prodex.eu\\\/de\\\/datenschutzbestimmungen\\\/#breadcrumb\",\"itemListElement\":[{\"@type\":\"ListItem\",\"position\":1,\"name\":\"PCC\",\"item\":\"https:\\\/\\\/www.pcc-prodex.eu\\\/de\\\/\"},{\"@type\":\"ListItem\",\"position\":2,\"name\":\"Datenschutzbestimmungen\"}]},{\"@type\":\"WebSite\",\"@id\":\"https:\\\/\\\/www.pcc-prodex.eu\\\/de\\\/#website\",\"url\":\"https:\\\/\\\/www.pcc-prodex.eu\\\/de\\\/\",\"name\":\"PCC Prodex\",\"description\":\"Strona sp\u00f3\u0142ki PCC Prodex\",\"publisher\":{\"@id\":\"https:\\\/\\\/www.pcc-prodex.eu\\\/de\\\/#organization\"},\"potentialAction\":[{\"@type\":\"SearchAction\",\"target\":{\"@type\":\"EntryPoint\",\"urlTemplate\":\"https:\\\/\\\/www.pcc-prodex.eu\\\/de\\\/?s={search_term_string}\"},\"query-input\":{\"@type\":\"PropertyValueSpecification\",\"valueRequired\":true,\"valueName\":\"search_term_string\"}}],\"inLanguage\":\"de\"},{\"@type\":\"Organization\",\"@id\":\"https:\\\/\\\/www.pcc-prodex.eu\\\/de\\\/#organization\",\"name\":\"PCC Prodex Sp. z o.o.\",\"url\":\"https:\\\/\\\/www.pcc-prodex.eu\\\/de\\\/\",\"logo\":{\"@type\":\"ImageObject\",\"inLanguage\":\"de\",\"@id\":\"https:\\\/\\\/www.pcc-prodex.eu\\\/de\\\/#\\\/schema\\\/logo\\\/image\\\/\",\"url\":\"https:\\\/\\\/www.pcc-prodex.eu\\\/wp-content\\\/uploads\\\/2020\\\/10\\\/Warstwa_x0020_1.png\",\"contentUrl\":\"https:\\\/\\\/www.pcc-prodex.eu\\\/wp-content\\\/uploads\\\/2020\\\/10\\\/Warstwa_x0020_1.png\",\"width\":\"154\",\"height\":\"40\",\"caption\":\"PCC Prodex Sp. z o.o.\"},\"image\":{\"@id\":\"https:\\\/\\\/www.pcc-prodex.eu\\\/de\\\/#\\\/schema\\\/logo\\\/image\\\/\"},\"sameAs\":[\"https:\\\/\\\/www.facebook.com\\\/pcc.prodex.1979\",\"https:\\\/\\\/www.youtube.com\\\/channel\\\/UC9j1nScqLHxssaxYvt0Fw_Q\"]}]}<\/script>\n<!-- \/ Yoast SEO plugin. -->","yoast_head_json":{"title":"- Strona sp\u00f3\u0142ki PCC Prodex","robots":{"index":"index","follow":"follow","max-snippet":"max-snippet:-1","max-image-preview":"max-image-preview:large","max-video-preview":"max-video-preview:-1"},"canonical":"https:\/\/www.pcc-prodex.eu\/de\/datenschutzbestimmungen\/","og_locale":"de_DE","og_type":"article","og_title":"- Strona sp\u00f3\u0142ki PCC Prodex","og_description":"Datenschutzbestimmungen Schlie\u00dfen Sie sich den Besten an! I. Dienst Diese Datenschutzrichtlinie gilt f\u00fcr die Website unter der Domain www.pcc-prodex.eu. II. Verantwortlicher f\u00fcr personenbezogene Daten Der Inhaber der personenbezogenen Daten ist die PCC Prodex Sp. z o.o. mit Sitz in der ul. Sienkiewicza 4, 56-120 Brzeg Dolny, eingetragen im Unternehmerregister des Landesgerichtsregisters, gef\u00fchrt vom Bezirksgericht Wroc\u0142aw, [&hellip;]","og_url":"https:\/\/www.pcc-prodex.eu\/de\/datenschutzbestimmungen\/","og_site_name":"PCC Prodex","article_publisher":"https:\/\/www.facebook.com\/pcc.prodex.1979","article_modified_time":"2023-07-21T14:00:57+00:00","og_image":[{"width":1200,"height":630,"url":"https:\/\/www.pcc-prodex.eu\/wp-content\/uploads\/2021\/02\/prodexog.png","type":"image\/png"}],"twitter_card":"summary_large_image","twitter_misc":{"Gesch\u00e4tzte Lesezeit":"7\u00a0Minuten"},"schema":{"@context":"https:\/\/schema.org","@graph":[{"@type":"WebPage","@id":"https:\/\/www.pcc-prodex.eu\/de\/datenschutzbestimmungen\/","url":"https:\/\/www.pcc-prodex.eu\/de\/datenschutzbestimmungen\/","name":"- Strona sp\u00f3\u0142ki PCC Prodex","isPartOf":{"@id":"https:\/\/www.pcc-prodex.eu\/de\/#website"},"datePublished":"2020-12-23T10:43:56+00:00","dateModified":"2023-07-21T14:00:57+00:00","breadcrumb":{"@id":"https:\/\/www.pcc-prodex.eu\/de\/datenschutzbestimmungen\/#breadcrumb"},"inLanguage":"de","potentialAction":[{"@type":"ReadAction","target":["https:\/\/www.pcc-prodex.eu\/de\/datenschutzbestimmungen\/"]}]},{"@type":"BreadcrumbList","@id":"https:\/\/www.pcc-prodex.eu\/de\/datenschutzbestimmungen\/#breadcrumb","itemListElement":[{"@type":"ListItem","position":1,"name":"PCC","item":"https:\/\/www.pcc-prodex.eu\/de\/"},{"@type":"ListItem","position":2,"name":"Datenschutzbestimmungen"}]},{"@type":"WebSite","@id":"https:\/\/www.pcc-prodex.eu\/de\/#website","url":"https:\/\/www.pcc-prodex.eu\/de\/","name":"PCC Prodex","description":"Strona sp\u00f3\u0142ki PCC Prodex","publisher":{"@id":"https:\/\/www.pcc-prodex.eu\/de\/#organization"},"potentialAction":[{"@type":"SearchAction","target":{"@type":"EntryPoint","urlTemplate":"https:\/\/www.pcc-prodex.eu\/de\/?s={search_term_string}"},"query-input":{"@type":"PropertyValueSpecification","valueRequired":true,"valueName":"search_term_string"}}],"inLanguage":"de"},{"@type":"Organization","@id":"https:\/\/www.pcc-prodex.eu\/de\/#organization","name":"PCC Prodex Sp. z o.o.","url":"https:\/\/www.pcc-prodex.eu\/de\/","logo":{"@type":"ImageObject","inLanguage":"de","@id":"https:\/\/www.pcc-prodex.eu\/de\/#\/schema\/logo\/image\/","url":"https:\/\/www.pcc-prodex.eu\/wp-content\/uploads\/2020\/10\/Warstwa_x0020_1.png","contentUrl":"https:\/\/www.pcc-prodex.eu\/wp-content\/uploads\/2020\/10\/Warstwa_x0020_1.png","width":"154","height":"40","caption":"PCC Prodex Sp. z o.o."},"image":{"@id":"https:\/\/www.pcc-prodex.eu\/de\/#\/schema\/logo\/image\/"},"sameAs":["https:\/\/www.facebook.com\/pcc.prodex.1979","https:\/\/www.youtube.com\/channel\/UC9j1nScqLHxssaxYvt0Fw_Q"]}]}},"_links":{"self":[{"href":"https:\/\/www.pcc-prodex.eu\/de\/wp-json\/wp\/v2\/pages\/32447","targetHints":{"allow":["GET"]}}],"collection":[{"href":"https:\/\/www.pcc-prodex.eu\/de\/wp-json\/wp\/v2\/pages"}],"about":[{"href":"https:\/\/www.pcc-prodex.eu\/de\/wp-json\/wp\/v2\/types\/page"}],"author":[{"embeddable":true,"href":"https:\/\/www.pcc-prodex.eu\/de\/wp-json\/wp\/v2\/users\/8"}],"replies":[{"embeddable":true,"href":"https:\/\/www.pcc-prodex.eu\/de\/wp-json\/wp\/v2\/comments?post=32447"}],"version-history":[{"count":1,"href":"https:\/\/www.pcc-prodex.eu\/de\/wp-json\/wp\/v2\/pages\/32447\/revisions"}],"predecessor-version":[{"id":32449,"href":"https:\/\/www.pcc-prodex.eu\/de\/wp-json\/wp\/v2\/pages\/32447\/revisions\/32449"}],"wp:attachment":[{"href":"https:\/\/www.pcc-prodex.eu\/de\/wp-json\/wp\/v2\/media?parent=32447"}],"curies":[{"name":"wp","href":"https:\/\/api.w.org\/{rel}","templated":true}]}}